{"id":891,"date":"2022-04-24T18:38:54","date_gmt":"2022-04-24T16:38:54","guid":{"rendered":"https:\/\/antifajugendaux.noblogs.org\/?page_id=891"},"modified":"2022-04-24T18:54:09","modified_gmt":"2022-04-24T16:54:09","slug":"heraus-zum-1-mai","status":"publish","type":"page","link":"https:\/\/antifajugendaux.noblogs.org\/de\/heraus-zum-1-mai\/","title":{"rendered":"Heraus zum 1. Mai!"},"content":{"rendered":"\n<div class=\"wp-block-query is-layout-flow wp-block-query-is-layout-flow\"><ul class=\"wp-block-post-template is-layout-flow wp-block-post-template-is-layout-flow\"><li class=\"wp-block-post post-911 post type-post status-publish format-standard has-post-thumbnail hentry category-allebeitraege de-DE\">\n<h2 class=\"wp-block-post-title\"><a href=\"https:\/\/antifajugendaux.noblogs.org\/de\/post\/2022\/04\/28\/offensive-gegen-aufruestung\/\" target=\"_self\" >Offensive gegen Aufr\u00fcstung<\/a><\/h2>\n\n<figure class=\"alignwide wp-block-post-featured-image\"><a href=\"https:\/\/antifajugendaux.noblogs.org\/de\/post\/2022\/04\/28\/offensive-gegen-aufruestung\/\" target=\"_self\"  ><img loading=\"lazy\" decoding=\"async\" width=\"1200\" height=\"866\" src=\"https:\/\/antifajugendaux.noblogs.org\/files\/2022\/04\/Logo-1.png\" class=\"attachment-post-thumbnail size-post-thumbnail wp-post-image\" alt=\"Offensive gegen Aufr\u00fcstung\" style=\"object-fit:cover;\" srcset=\"https:\/\/antifajugendaux.noblogs.org\/files\/2022\/04\/Logo-1.png 1200w, https:\/\/antifajugendaux.noblogs.org\/files\/2022\/04\/Logo-1-300x217.png 300w, https:\/\/antifajugendaux.noblogs.org\/files\/2022\/04\/Logo-1-900x650.png 900w, https:\/\/antifajugendaux.noblogs.org\/files\/2022\/04\/Logo-1-768x554.png 768w\" sizes=\"auto, (max-width: 1200px) 100vw, 1200px\" \/><\/a><\/figure>\n\n<div class=\"wp-block-post-excerpt\"><p class=\"wp-block-post-excerpt__excerpt\">Wir beteiligen uns an der bundesweiten Kampagne &#8222;Offensive gegen Aufr\u00fcstung! Klassenkampf statt Burgfrieden!&#8220; Hier findet ihr die Webseite der Kampagne Unser Gemeinsamer Aufruf Seit dem russischen Angriff auf die Ukraine scheint es in Deutschland kein Halten mehr zu geben. Die SPD-Gr\u00fcne-FDP Regierung bringt in k\u00fcrzester Zeit und ohne gro\u00dfe Debatte ein 100 Milliarden Paket f\u00fcr&hellip; <\/p><\/div>\n\n\n<hr class=\"wp-block-separator\" \/>\n\n\n<div class=\"wp-block-post-date\"><time datetime=\"2022-04-28T20:21:45+02:00\">28 April 2022<\/time><\/div>\n<\/li><li class=\"wp-block-post post-907 post type-post status-publish format-standard hentry category-allebeitraege de-DE\">\n<h2 class=\"wp-block-post-title\"><a href=\"https:\/\/antifajugendaux.noblogs.org\/de\/post\/2022\/04\/28\/mobivideo-aufgetaucht\/\" target=\"_self\" >Mobivideo aufgetaucht!<\/a><\/h2>\n\n\n\n<div class=\"wp-block-post-excerpt\"><p class=\"wp-block-post-excerpt__excerpt\">Wir haben auf Vimeo ein Mobivideo zum 1. Mai gefunden, was wir euch nicht vorenthalten wollten. Wir sehen uns am 1. Mai auf der Stra\u00dfe! Hier findet ihr unsere Aufruf <\/p><\/div>\n\n\n<hr class=\"wp-block-separator\" \/>\n\n\n<div class=\"wp-block-post-date\"><time datetime=\"2022-04-28T20:07:59+02:00\">28 April 2022<\/time><\/div>\n<\/li><li class=\"wp-block-post post-882 post type-post status-publish format-standard has-post-thumbnail hentry category-allebeitraege category-antifa category-internationalismus category-klimakampf de-DE\">\n<h2 class=\"wp-block-post-title\"><a href=\"https:\/\/antifajugendaux.noblogs.org\/de\/post\/2022\/04\/24\/heraus-zum-1-mai-2\/\" target=\"_self\" >Heraus zum 1. Mai!<\/a><\/h2>\n\n<figure class=\"alignwide wp-block-post-featured-image\"><a href=\"https:\/\/antifajugendaux.noblogs.org\/de\/post\/2022\/04\/24\/heraus-zum-1-mai-2\/\" target=\"_self\"  ><img loading=\"lazy\" decoding=\"async\" width=\"1080\" height=\"1080\" src=\"https:\/\/antifajugendaux.noblogs.org\/files\/2022\/04\/Mobi-mit-DGB.png\" class=\"attachment-post-thumbnail size-post-thumbnail wp-post-image\" alt=\"Heraus zum 1. Mai!\" style=\"object-fit:cover;\" srcset=\"https:\/\/antifajugendaux.noblogs.org\/files\/2022\/04\/Mobi-mit-DGB.png 1080w, https:\/\/antifajugendaux.noblogs.org\/files\/2022\/04\/Mobi-mit-DGB-300x300.png 300w, https:\/\/antifajugendaux.noblogs.org\/files\/2022\/04\/Mobi-mit-DGB-900x900.png 900w, https:\/\/antifajugendaux.noblogs.org\/files\/2022\/04\/Mobi-mit-DGB-150x150.png 150w, https:\/\/antifajugendaux.noblogs.org\/files\/2022\/04\/Mobi-mit-DGB-768x768.png 768w\" sizes=\"auto, (max-width: 1080px) 100vw, 1080px\" \/><\/a><\/figure>\n\n<div class=\"wp-block-post-excerpt\"><p class=\"wp-block-post-excerpt__excerpt\">Tagesverlauf f\u00fcr unseren Kampftag Am 1. Mai auf die Stra\u00dfe hei\u00dft dieses Jahr konkret:&#8211; 10 Uhr: Klassenk\u00e4mpferische Beteiligung an der DGB Demo Treffpunkt vor den Gewerkschaftshaus, Am Katzenstadel 34 &#8211; 14 Uhr: Unsere Revolution\u00e4re 1. Mai Demo Treffpunkt: Ulrichsplatz Unseren Aufruf zum 1. Mai findet ihr hier <\/p><\/div>\n\n\n<hr class=\"wp-block-separator\" \/>\n\n\n<div class=\"wp-block-post-date\"><time datetime=\"2022-04-24T18:34:48+02:00\">24 April 2022<\/time><\/div>\n<\/li><\/ul><\/div>\n","protected":false},"excerpt":{"rendered":"","protected":false},"author":14778,"featured_media":860,"parent":0,"menu_order":0,"comment_status":"closed","ping_status":"closed","template":"","meta":{"_locale":"de_DE","_original_post":"https:\/\/antifajugendaux.noblogs.org\/?page_id=891","footnotes":""},"class_list":["post-891","page","type-page","status-publish","has-post-thumbnail","hentry","de-DE"],"_links":{"self":[{"href":"https:\/\/antifajugendaux.noblogs.org\/wp-json\/wp\/v2\/pages\/891","targetHints":{"allow":["GET"]}}],"collection":[{"href":"https:\/\/antifajugendaux.noblogs.org\/wp-json\/wp\/v2\/pages"}],"about":[{"href":"https:\/\/antifajugendaux.noblogs.org\/wp-json\/wp\/v2\/types\/page"}],"author":[{"embeddable":true,"href":"https:\/\/antifajugendaux.noblogs.org\/wp-json\/wp\/v2\/users\/14778"}],"replies":[{"embeddable":true,"href":"https:\/\/antifajugendaux.noblogs.org\/wp-json\/wp\/v2\/comments?post=891"}],"version-history":[{"count":2,"href":"https:\/\/antifajugendaux.noblogs.org\/wp-json\/wp\/v2\/pages\/891\/revisions"}],"predecessor-version":[{"id":900,"href":"https:\/\/antifajugendaux.noblogs.org\/wp-json\/wp\/v2\/pages\/891\/revisions\/900"}],"wp:featuredmedia":[{"embeddable":true,"href":"https:\/\/antifajugendaux.noblogs.org\/wp-json\/wp\/v2\/media\/860"}],"wp:attachment":[{"href":"https:\/\/antifajugendaux.noblogs.org\/wp-json\/wp\/v2\/media?parent=891"}],"curies":[{"name":"wp","href":"https:\/\/api.w.org\/{rel}","templated":true}]}}